{"id":34,"date":"2021-06-02T15:37:52","date_gmt":"2021-06-02T13:37:52","guid":{"rendered":"https:\/\/heitz-ets.fr\/wp\/?page_id=34"},"modified":"2023-10-10T11:10:59","modified_gmt":"2023-10-10T09:10:59","slug":"particuliers","status":"publish","type":"page","link":"https:\/\/heitz-ets.fr\/?page_id=34","title":{"rendered":"Particuliers"},"content":{"rendered":"\n<div class=\"wp-block-media-text alignwide has-media-on-the-right is-stacked-on-mobile\" style=\"grid-template-columns:auto 28%\"><div class=\"wp-block-media-text__content\">\n<p id=\"texte\"><strong>Nous r\u00e9alisons avec notre propre \u00e9quipe :<\/strong><\/p>\n\n\n\n<ul>\n<li>La pose d&rsquo;escaliers en Pierres Naturelles et Artificielles (granit, gr\u00e8s des Vosges, ardoise, terrazzo, quartzit rouge)<\/li>\n\n\n\n<li>Des murets de jardin et autre muret<\/li>\n\n\n\n<li>Dalles de recouvrement (b\u00e9ton, gr\u00e8s des Vosges, granit)<\/li>\n\n\n\n<li>Dalles de sol<\/li>\n\n\n\n<li>Tablettes de fen\u00eatre en granit<\/li>\n<\/ul>\n<\/div><figure class=\"wp-block-media-text__media\"><img decoding=\"async\" loading=\"lazy\" width=\"1024\" height=\"822\" src=\"https:\/\/heitz-ets.fr\/wp\/wp-content\/uploads\/2023\/10\/Escalier-gres-rose-1517-1024x822.jpg\" alt=\"\" class=\"wp-image-292 size-full\" srcset=\"https:\/\/heitz-ets.fr\/wp\/wp-content\/uploads\/2023\/10\/Escalier-gres-rose-1517-1024x822.jpg 1024w, https:\/\/heitz-ets.fr\/wp\/wp-content\/uploads\/2023\/10\/Escalier-gres-rose-1517-300x241.jpg 300w, https:\/\/heitz-ets.fr\/wp\/wp-content\/uploads\/2023\/10\/Escalier-gres-rose-1517-768x617.jpg 768w, https:\/\/heitz-ets.fr\/wp\/wp-content\/uploads\/2023\/10\/Escalier-gres-rose-1517-1536x1233.jpg 1536w, https:\/\/heitz-ets.fr\/wp\/wp-content\/uploads\/2023\/10\/Escalier-gres-rose-1517-2048x1644.jpg 2048w\" sizes=\"(max-width: 1024px) 100vw, 1024px\" \/><\/figure><\/div>\n\n\n\n<div class=\"wp-block-media-text alignwide is-stacked-on-mobile\" style=\"grid-template-columns:28% auto\"><figure class=\"wp-block-media-text__media\"><img decoding=\"async\" loading=\"lazy\" width=\"960\" height=\"960\" src=\"https:\/\/heitz-ets.fr\/wp\/wp-content\/uploads\/2021\/06\/monument-1.jpg\" alt=\"\" class=\"wp-image-167 size-full\" srcset=\"https:\/\/heitz-ets.fr\/wp\/wp-content\/uploads\/2021\/06\/monument-1.jpg 960w, https:\/\/heitz-ets.fr\/wp\/wp-content\/uploads\/2021\/06\/monument-1-300x300.jpg 300w, https:\/\/heitz-ets.fr\/wp\/wp-content\/uploads\/2021\/06\/monument-1-150x150.jpg 150w, https:\/\/heitz-ets.fr\/wp\/wp-content\/uploads\/2021\/06\/monument-1-768x768.jpg 768w\" sizes=\"(max-width: 960px) 100vw, 960px\" \/><\/figure><div class=\"wp-block-media-text__content\">\n<p id=\"texte\"><strong>Pr\u00e9sent depuis plus de 50 ans dans le domaine du fun\u00e9raire :<\/strong><\/p>\n\n\n\n<ul>\n<li>Fourniture de pierres tombales<\/li>\n\n\n\n<li>Pose et d\u00e9pose, r\u00e9novation et cr\u00e9ation sur demande<\/li>\n\n\n\n<li>\u00c9pitaphe<\/li>\n\n\n\n<li>Lettre bronze<\/li>\n\n\n\n<li>Gravure<\/li>\n\n\n\n<li>Dorure<\/li>\n<\/ul>\n<\/div><\/div>\n","protected":false},"excerpt":{"rendered":"","protected":false},"author":2,"featured_media":0,"parent":0,"menu_order":0,"comment_status":"closed","ping_status":"closed","template":"","meta":[],"_links":{"self":[{"href":"https:\/\/heitz-ets.fr\/index.php?rest_route=\/wp\/v2\/pages\/34"}],"collection":[{"href":"https:\/\/heitz-ets.fr\/index.php?rest_route=\/wp\/v2\/pages"}],"about":[{"href":"https:\/\/heitz-ets.fr\/index.php?rest_route=\/wp\/v2\/types\/page"}],"author":[{"embeddable":true,"href":"https:\/\/heitz-ets.fr\/index.php?rest_route=\/wp\/v2\/users\/2"}],"replies":[{"embeddable":true,"href":"https:\/\/heitz-ets.fr\/index.php?rest_route=%2Fwp%2Fv2%2Fcomments&post=34"}],"version-history":[{"count":40,"href":"https:\/\/heitz-ets.fr\/index.php?rest_route=\/wp\/v2\/pages\/34\/revisions"}],"predecessor-version":[{"id":331,"href":"https:\/\/heitz-ets.fr\/index.php?rest_route=\/wp\/v2\/pages\/34\/revisions\/331"}],"wp:attachment":[{"href":"https:\/\/heitz-ets.fr\/index.php?rest_route=%2Fwp%2Fv2%2Fmedia&parent=34"}],"curies":[{"name":"wp","href":"https:\/\/api.w.org\/{rel}","templated":true}]}}