{"id":12,"date":"2021-06-02T15:28:31","date_gmt":"2021-06-02T13:28:31","guid":{"rendered":"https:\/\/heitz-ets.fr\/wp\/?page_id=12"},"modified":"2021-06-07T09:51:18","modified_gmt":"2021-06-07T07:51:18","slug":"bienvenue","status":"publish","type":"page","link":"https:\/\/heitz-ets.fr\/","title":{"rendered":"Bienvenue"},"content":{"rendered":"\r\n<p id=\"texte\">La soci\u00e9t\u00e9 Heitz est une entreprise familiale fond\u00e9e il y a plus de 40 ans.<\/p>\r\n\r\n\r\n\r\n<p id=\"texte\">Notre exp\u00e9rience et notre savoir-faire nous permettent d&rsquo;\u00eatre pr\u00e9sent dans plusieurs domaines.<\/p>\r\n\r\n\r\n\r\n<p id=\"texte\">Notre sp\u00e9cialit\u00e9 est la fabrication artisanale de pi\u00e8ces en B\u00e9ton et Jura Blanc.<\/p>\r\n\r\n\r\n\r\n<p class=\"has-medium-font-size\">Nos activit\u00e9s:<\/p>\r\n<div id='gallery-1' class='gallery galleryid-12 gallery-columns-3 gallery-size-thumbnail'><figure class='gallery-item'>\n\t\t\t<div class='gallery-icon landscape'>\n\t\t\t\t<a href='https:\/\/heitz-ets.fr\/?attachment_id=142'><img width=\"150\" height=\"150\" src=\"https:\/\/heitz-ets.fr\/wp\/wp-content\/uploads\/2021\/06\/appuis-150x150.jpg\" class=\"attachment-thumbnail size-thumbnail\" alt=\"\" decoding=\"async\" loading=\"lazy\" aria-describedby=\"gallery-1-142\" srcset=\"https:\/\/heitz-ets.fr\/wp\/wp-content\/uploads\/2021\/06\/appuis-150x150.jpg 150w, https:\/\/heitz-ets.fr\/wp\/wp-content\/uploads\/2021\/06\/appuis-300x300.jpg 300w, https:\/\/heitz-ets.fr\/wp\/wp-content\/uploads\/2021\/06\/appuis-1024x1024.jpg 1024w, https:\/\/heitz-ets.fr\/wp\/wp-content\/uploads\/2021\/06\/appuis-768x768.jpg 768w, https:\/\/heitz-ets.fr\/wp\/wp-content\/uploads\/2021\/06\/appuis-1536x1536.jpg 1536w, https:\/\/heitz-ets.fr\/wp\/wp-content\/uploads\/2021\/06\/appuis-2048x2048.jpg 2048w\" sizes=\"(max-width: 150px) 100vw, 150px\" \/><\/a>\n\t\t\t<\/div>\n\t\t\t\t<figcaption class='wp-caption-text gallery-caption' id='gallery-1-142'>\n\t\t\t\tAppuis\n\t\t\t\t<\/figcaption><\/figure><figure class='gallery-item'>\n\t\t\t<div class='gallery-icon landscape'>\n\t\t\t\t<a href='https:\/\/heitz-ets.fr\/?attachment_id=143'><img width=\"150\" height=\"150\" src=\"https:\/\/heitz-ets.fr\/wp\/wp-content\/uploads\/2021\/06\/escalier-150x150.jpg\" class=\"attachment-thumbnail size-thumbnail\" alt=\"\" decoding=\"async\" loading=\"lazy\" aria-describedby=\"gallery-1-143\" srcset=\"https:\/\/heitz-ets.fr\/wp\/wp-content\/uploads\/2021\/06\/escalier-150x150.jpg 150w, https:\/\/heitz-ets.fr\/wp\/wp-content\/uploads\/2021\/06\/escalier-300x300.jpg 300w, https:\/\/heitz-ets.fr\/wp\/wp-content\/uploads\/2021\/06\/escalier-1024x1024.jpg 1024w, https:\/\/heitz-ets.fr\/wp\/wp-content\/uploads\/2021\/06\/escalier-768x768.jpg 768w, https:\/\/heitz-ets.fr\/wp\/wp-content\/uploads\/2021\/06\/escalier-1536x1536.jpg 1536w, https:\/\/heitz-ets.fr\/wp\/wp-content\/uploads\/2021\/06\/escalier-2048x2048.jpg 2048w\" sizes=\"(max-width: 150px) 100vw, 150px\" \/><\/a>\n\t\t\t<\/div>\n\t\t\t\t<figcaption class='wp-caption-text gallery-caption' id='gallery-1-143'>\n\t\t\t\tEscaliers\n\t\t\t\t<\/figcaption><\/figure><figure class='gallery-item'>\n\t\t\t<div class='gallery-icon landscape'>\n\t\t\t\t<a href='https:\/\/heitz-ets.fr\/?attachment_id=163'><img width=\"150\" height=\"150\" src=\"https:\/\/heitz-ets.fr\/wp\/wp-content\/uploads\/2021\/06\/monument-150x150.jpg\" class=\"attachment-thumbnail size-thumbnail\" alt=\"\" decoding=\"async\" loading=\"lazy\" aria-describedby=\"gallery-1-163\" srcset=\"https:\/\/heitz-ets.fr\/wp\/wp-content\/uploads\/2021\/06\/monument-150x150.jpg 150w, https:\/\/heitz-ets.fr\/wp\/wp-content\/uploads\/2021\/06\/monument-300x300.jpg 300w, https:\/\/heitz-ets.fr\/wp\/wp-content\/uploads\/2021\/06\/monument-768x768.jpg 768w, https:\/\/heitz-ets.fr\/wp\/wp-content\/uploads\/2021\/06\/monument.jpg 960w\" sizes=\"(max-width: 150px) 100vw, 150px\" \/><\/a>\n\t\t\t<\/div>\n\t\t\t\t<figcaption class='wp-caption-text gallery-caption' id='gallery-1-163'>\n\t\t\t\tMonuments\n\t\t\t\t<\/figcaption><\/figure>\n\t\t<\/div>\n\r\n\r\n\r\n","protected":false},"excerpt":{"rendered":"<p>La soci\u00e9t\u00e9 Heitz est une entreprise familiale fond\u00e9e il y a plus de 40 ans. Notre exp\u00e9rience et notre savoir-faire nous permettent d&rsquo;\u00eatre pr\u00e9sent dans plusieurs domaines. Notre sp\u00e9cialit\u00e9 est la fabrication artisanale de pi\u00e8ces en B\u00e9ton et Jura Blanc. Nos activit\u00e9s:<\/p>\n","protected":false},"author":2,"featured_media":0,"parent":0,"menu_order":0,"comment_status":"closed","ping_status":"closed","template":"","meta":[],"_links":{"self":[{"href":"https:\/\/heitz-ets.fr\/index.php?rest_route=\/wp\/v2\/pages\/12"}],"collection":[{"href":"https:\/\/heitz-ets.fr\/index.php?rest_route=\/wp\/v2\/pages"}],"about":[{"href":"https:\/\/heitz-ets.fr\/index.php?rest_route=\/wp\/v2\/types\/page"}],"author":[{"embeddable":true,"href":"https:\/\/heitz-ets.fr\/index.php?rest_route=\/wp\/v2\/users\/2"}],"replies":[{"embeddable":true,"href":"https:\/\/heitz-ets.fr\/index.php?rest_route=%2Fwp%2Fv2%2Fcomments&post=12"}],"version-history":[{"count":8,"href":"https:\/\/heitz-ets.fr\/index.php?rest_route=\/wp\/v2\/pages\/12\/revisions"}],"predecessor-version":[{"id":166,"href":"https:\/\/heitz-ets.fr\/index.php?rest_route=\/wp\/v2\/pages\/12\/revisions\/166"}],"wp:attachment":[{"href":"https:\/\/heitz-ets.fr\/index.php?rest_route=%2Fwp%2Fv2%2Fmedia&parent=12"}],"curies":[{"name":"wp","href":"https:\/\/api.w.org\/{rel}","templated":true}]}}